{"id":9957,"date":"2019-10-08T07:20:21","date_gmt":"2019-10-08T05:20:21","guid":{"rendered":"https:\/\/new.veleknin.hr\/residence-hall\/"},"modified":"2023-12-26T02:02:08","modified_gmt":"2023-12-26T01:02:08","slug":"residence-hall","status":"publish","type":"page","link":"https:\/\/www.veleknin.hr\/en\/residence-hall\/","title":{"rendered":"RESIDENCE HALL"},"content":{"rendered":"","protected":false},"excerpt":{"rendered":"","protected":false},"author":1,"featured_media":0,"parent":0,"menu_order":0,"comment_status":"closed","ping_status":"closed","template":"","meta":{"_monsterinsights_skip_tracking":false,"_monsterinsights_sitenote_active":false,"_monsterinsights_sitenote_note":"","_monsterinsights_sitenote_category":0,"footnotes":""},"class_list":["post-9957","page","type-page","status-publish","hentry"],"yoast_head":"<!-- This site is optimized with the Yoast SEO plugin v27.2 - https:\/\/yoast.com\/product\/yoast-seo-wordpress\/ -->\n<title>RESIDENCE HALL - Veleu\u010dili\u0161te &quot;Marko Maruli\u0107&quot; u Kninu<\/title>\n<meta name=\"robots\" content=\"index, follow, max-snippet:-1, max-image-preview:large, max-video-preview:-1\" \/>\n<link rel=\"canonical\" href=\"https:\/\/www.veleknin.hr\/studentski-dom\/\" \/>\n<meta property=\"og:locale\" content=\"en_US\" \/>\n<meta property=\"og:type\" content=\"article\" \/>\n<meta property=\"og:title\" content=\"RESIDENCE HALL - Veleu\u010dili\u0161te &quot;Marko Maruli\u0107&quot; u Kninu\" \/>\n<meta property=\"og:url\" content=\"https:\/\/www.veleknin.hr\/studentski-dom\/\" \/>\n<meta property=\"og:site_name\" content=\"Veleu\u010dili\u0161te &quot;Marko Maruli\u0107&quot; u Kninu\" \/>\n<meta property=\"article:modified_time\" content=\"2023-12-26T01:02:08+00:00\" \/>\n<meta name=\"twitter:card\" content=\"summary_large_image\" \/>\n<!-- \/ Yoast SEO plugin. -->","yoast_head_json":{"title":"RESIDENCE HALL - Veleu\u010dili\u0161te &quot;Marko Maruli\u0107&quot; u Kninu","robots":{"index":"index","follow":"follow","max-snippet":"max-snippet:-1","max-image-preview":"max-image-preview:large","max-video-preview":"max-video-preview:-1"},"canonical":"https:\/\/www.veleknin.hr\/studentski-dom\/","og_locale":"en_US","og_type":"article","og_title":"RESIDENCE HALL - Veleu\u010dili\u0161te &quot;Marko Maruli\u0107&quot; u Kninu","og_url":"https:\/\/www.veleknin.hr\/studentski-dom\/","og_site_name":"Veleu\u010dili\u0161te &quot;Marko Maruli\u0107&quot; u Kninu","article_modified_time":"2023-12-26T01:02:08+00:00","twitter_card":"summary_large_image","schema":{"@context":"https:\/\/schema.org","@graph":[{"@type":"WebPage","@id":"https:\/\/www.veleknin.hr\/studentski-dom\/","url":"https:\/\/www.veleknin.hr\/studentski-dom\/","name":"RESIDENCE HALL - Veleu\u010dili\u0161te &quot;Marko Maruli\u0107&quot; u Kninu","isPartOf":{"@id":"https:\/\/www.veleknin.hr\/#website"},"datePublished":"2019-10-08T05:20:21+00:00","dateModified":"2023-12-26T01:02:08+00:00","breadcrumb":{"@id":"https:\/\/www.veleknin.hr\/studentski-dom\/#breadcrumb"},"inLanguage":"en-US","potentialAction":[{"@type":"ReadAction","target":["https:\/\/www.veleknin.hr\/studentski-dom\/"]}]},{"@type":"BreadcrumbList","@id":"https:\/\/www.veleknin.hr\/studentski-dom\/#breadcrumb","itemListElement":[{"@type":"ListItem","position":1,"name":"Po\u010detna stranica","item":"https:\/\/www.veleknin.hr\/en\/"},{"@type":"ListItem","position":2,"name":"RESIDENCE HALL"}]},{"@type":"WebSite","@id":"https:\/\/www.veleknin.hr\/#website","url":"https:\/\/www.veleknin.hr\/","name":"Veleu\u010dili\u0161te \"Marko Maruli\u0107\" u Kninu","description":"Web stranica Veleu\u010dili\u0161ta &quot;Marko Maruli\u0107&quot; u Kninu","publisher":{"@id":"https:\/\/www.veleknin.hr\/#organization"},"potentialAction":[{"@type":"SearchAction","target":{"@type":"EntryPoint","urlTemplate":"https:\/\/www.veleknin.hr\/?s={search_term_string}"},"query-input":{"@type":"PropertyValueSpecification","valueRequired":true,"valueName":"search_term_string"}}],"inLanguage":"en-US"},{"@type":"Organization","@id":"https:\/\/www.veleknin.hr\/#organization","name":"Veleu\u010dili\u0161te \"Marko Maruli\u0107\" u Kninu","url":"https:\/\/www.veleknin.hr\/","logo":{"@type":"ImageObject","inLanguage":"en-US","@id":"https:\/\/www.veleknin.hr\/#\/schema\/logo\/image\/","url":"https:\/\/www.veleknin.hr\/wp-content\/uploads\/2026\/02\/Veleknin.png","contentUrl":"https:\/\/www.veleknin.hr\/wp-content\/uploads\/2026\/02\/Veleknin.png","width":1080,"height":1080,"caption":"Veleu\u010dili\u0161te \"Marko Maruli\u0107\" u Kninu"},"image":{"@id":"https:\/\/www.veleknin.hr\/#\/schema\/logo\/image\/"}}]}},"_links":{"self":[{"href":"https:\/\/www.veleknin.hr\/en\/wp-json\/wp\/v2\/pages\/9957","targetHints":{"allow":["GET"]}}],"collection":[{"href":"https:\/\/www.veleknin.hr\/en\/wp-json\/wp\/v2\/pages"}],"about":[{"href":"https:\/\/www.veleknin.hr\/en\/wp-json\/wp\/v2\/types\/page"}],"author":[{"embeddable":true,"href":"https:\/\/www.veleknin.hr\/en\/wp-json\/wp\/v2\/users\/1"}],"replies":[{"embeddable":true,"href":"https:\/\/www.veleknin.hr\/en\/wp-json\/wp\/v2\/comments?post=9957"}],"version-history":[{"count":1,"href":"https:\/\/www.veleknin.hr\/en\/wp-json\/wp\/v2\/pages\/9957\/revisions"}],"predecessor-version":[{"id":9958,"href":"https:\/\/www.veleknin.hr\/en\/wp-json\/wp\/v2\/pages\/9957\/revisions\/9958"}],"wp:attachment":[{"href":"https:\/\/www.veleknin.hr\/en\/wp-json\/wp\/v2\/media?parent=9957"}],"curies":[{"name":"wp","href":"https:\/\/api.w.org\/{rel}","templated":true}]}}