{"id":9781,"date":"2018-09-11T09:39:24","date_gmt":"2018-09-11T07:39:24","guid":{"rendered":"https:\/\/new.veleknin.hr\/news-2\/"},"modified":"2023-12-25T20:33:32","modified_gmt":"2023-12-25T19:33:32","slug":"news-2","status":"publish","type":"page","link":"https:\/\/www.veleknin.hr\/en\/news-2\/","title":{"rendered":"News"},"content":{"rendered":"<p><section data-bb-version=\"4.7.6\" id=\"bt_bb_section69d46a363e02f\" class=\"bt_bb_section bt_bb_color_scheme_1 bt_bb_layout_boxed_1200 bt_bb_vertical_align_top bt_bb_background_overlay_dark_solid bt_bb_top_spacing_large bt_bb_bottom_spacing_large\" style=\"; --section-primary-color:#ffffff; --section-secondary-color:#191919;\" data-bt-override-class=\"{&quot;bt_bb_top_spacing_&quot;:{&quot;current_class&quot;:&quot;bt_bb_top_spacing_large&quot;,&quot;def&quot;:&quot;large&quot;},&quot;bt_bb_bottom_spacing_&quot;:{&quot;current_class&quot;:&quot;bt_bb_bottom_spacing_large&quot;,&quot;def&quot;:&quot;large&quot;}}\"><div class=\"bt_bb_background_image_holder_wrapper\"><div class=\"bt_bb_background_image_holder bt_bb_parallax\"  data-parallax=\"0.7\" data-parallax-offset=\"0\" data-parallax-zoom-start=\"1\" data-parallax-zoom-end=\"1\" data-parallax-blur-start=\"0\" data-parallax-blur-end=\"0\" data-parallax-opacity-start=\"1\" data-parallax-opacity-end=\"1\" style=\" background-image:url(&#039;https:\/\/www.veleknin.hr\/wp-content\/uploads\/2023\/12\/kapa.jpg&#039;);\"><\/div><\/div><div class=\"bt_bb_port\"><div class=\"bt_bb_cell\"><div class=\"bt_bb_cell_inner\"><div class=\"bt_bb_row \"  data-bt-override-class=\"{}\"><div class=\"bt_bb_row_holder\" ><div  class=\"bt_bb_column col-xl-2 bt_bb_align_left bt_bb_padding_normal\"  data-width=\"2\" data-bt-override-class=\"{}\"><div class=\"bt_bb_column_content bt_bb_vertical_align_top bt_bb_color_scheme_\"><div class=\"bt_bb_column_content_inner\"><\/div><\/div><\/div><div  class=\"bt_bb_column col-xl-8 bt_bb_align_center bt_bb_padding_normal\"  data-width=\"8\" data-bt-override-class=\"{}\"><div class=\"bt_bb_column_content bt_bb_vertical_align_top bt_bb_color_scheme_\"><div class=\"bt_bb_column_content_inner\"><div class=\"bt_bb_separator bt_bb_border_style_none bt_bb_bottom_spacing_large\" data-bt-override-class=\"null\"><\/div><header class=\"bt_bb_headline bt_bb_color_scheme_6 bt_bb_dash_top bt_bb_size_huge bt_bb_align_inherit\" style=\"; --primary-color:#ffffff; --secondary-color:#962e15;\" data-bt-override-class=\"{&quot;bt_bb_size_&quot;:{&quot;current_class&quot;:&quot;bt_bb_size_huge&quot;,&quot;def&quot;:&quot;huge&quot;}}\"><h3 class=\"bt_bb_headline_tag\"><span class=\"bt_bb_headline_content\"><span>News<\/span><\/span><\/h3><\/header><div class=\"bt_bb_separator bt_bb_border_style_none bt_bb_bottom_spacing_normal\" data-bt-override-class=\"null\"><\/div><header class=\"bt_bb_headline bt_bb_color_scheme_3 bt_bb_dash_none bt_bb_size_medium bt_bb_align_inherit btNoHeadline\" style=\"; --primary-color:#962e15; --secondary-color:#191919;\" data-bt-override-class=\"{}\"><\/header><div class=\"bt_bb_separator bt_bb_border_style_none bt_bb_bottom_spacing_medium\" data-bt-override-class=\"null\"><\/div><\/div><\/div><\/div><div  class=\"bt_bb_column col-xl-2 bt_bb_align_left bt_bb_padding_normal\"  data-width=\"2\" data-bt-override-class=\"{}\"><div class=\"bt_bb_column_content bt_bb_vertical_align_top bt_bb_color_scheme_\"><div class=\"bt_bb_column_content_inner\"><\/div><\/div><\/div><\/div><\/div><\/div><!-- cell_inner --><\/div><!-- cell --><\/div><!-- port --><\/section><section id=\"bt_bb_section69d46a363e581\" class=\"bt_bb_section bt_bb_layout_boxed_1200 bt_bb_vertical_align_top bt_bb_top_spacing_normal bt_bb_bottom_spacing_normal\"  data-bt-override-class=\"{&quot;bt_bb_top_spacing_&quot;:{&quot;current_class&quot;:&quot;bt_bb_top_spacing_normal&quot;,&quot;def&quot;:&quot;normal&quot;},&quot;bt_bb_bottom_spacing_&quot;:{&quot;current_class&quot;:&quot;bt_bb_bottom_spacing_normal&quot;,&quot;def&quot;:&quot;normal&quot;}}\"><div class=\"bt_bb_port\"><div class=\"bt_bb_cell\"><div class=\"bt_bb_cell_inner\"><div class=\"bt_bb_row \"  data-bt-override-class=\"{}\"><div class=\"bt_bb_row_holder\" ><div  class=\"bt_bb_column col-xl-12 bt_bb_align_left bt_bb_padding_normal\"  data-width=\"12\" data-bt-override-class=\"{}\"><div class=\"bt_bb_column_content bt_bb_vertical_align_top bt_bb_color_scheme_\"><div class=\"bt_bb_column_content_inner\"><div class=\"bt_bb_separator bt_bb_border_style_none bt_bb_bottom_spacing_small\" data-bt-override-class=\"{&quot;bt_bb_bottom_spacing_&quot;:{&quot;current_class&quot;:&quot;bt_bb_bottom_spacing_small&quot;,&quot;def&quot;:&quot;small&quot;}}\"><\/div><header data-bb-version=\"4.7.6\" class=\"bt_bb_headline bt_bb_subheadline_text_transform_default bt_bb_color_scheme_4 bt_bb_dash_top bt_bb_size_large bt_bb_align_inherit\" style=\"; --primary-color:#962e15; --secondary-color:#ffffff;\" data-bt-override-class=\"{&quot;bt_bb_size_&quot;:{&quot;current_class&quot;:&quot;bt_bb_size_large&quot;,&quot;def&quot;:&quot;large&quot;},&quot;bt_bb_align_&quot;:{&quot;current_class&quot;:&quot;bt_bb_align_inherit&quot;,&quot;def&quot;:&quot;inherit&quot;}}\"><h3 class=\"bt_bb_headline_tag\"><span class=\"bt_bb_headline_content\"><span>News<\/span><\/span><\/h3><\/header><div class=\"bt_bb_separator bt_bb_border_style_none bt_bb_bottom_spacing_small\" data-bt-override-class=\"{&quot;bt_bb_bottom_spacing_&quot;:{&quot;current_class&quot;:&quot;bt_bb_bottom_spacing_small&quot;,&quot;def&quot;:&quot;small&quot;}}\"><\/div><div data-bb-version=\"4.7.6\" class=\"bt_bb_css_post_grid bt_bb_grid_container bt_bb_columns_3 bt_bb_auto_loading_load_more_loading bt_bb_gap_small bt_bb_shape_rounded\" data-columns=\"3\" data-offset=\"0\"><div class=\"bt_bb_css_post_grid_content bt_bb_grid_hide\" data-bt-bb-css-post-grid-nonce=\"6f9b2b2699\" data-number=\"1000\" data-category=\"\" data-show=\"%7B%22excerpt%22%3Afalse%2C%22share%22%3Afalse%7D\" data-show-superheadline=\"%7B%22category%22%3Afalse%2C%22date%22%3Atrue%2C%22author%22%3Afalse%2C%22comments%22%3Afalse%7D\" \r\n\t\tdata-title-html-tag=\"h3\" \r\n\t\tdata-img-base-size=\"large\" data-show-subheadline=\"%7B%22category%22%3Atrue%2C%22date%22%3Afalse%2C%22author%22%3Afalse%2C%22comments%22%3Afalse%7D\" data-show-subheadline=\"%7B%22category%22%3Atrue%2C%22date%22%3Afalse%2C%22author%22%3Afalse%2C%22comments%22%3Afalse%7D\"  data-format=\"11, 11, 11\" data-post-type=\"post\"  data-ignore-nonce=\"\" data-auto-loading=\"load_more_loading\" data-bt-override-class=\"{}\" data-no-posts-text=\"No posts found.\">\r\n\t\t<\/div><div class=\"bt_bb_post_grid_loader\"><\/div><div  class=\"bt_bb_css_post_grid_button_holder\"><button type=\"button\" class=\"bt_bb_css_post_grid_button\">Load more<\/button><\/div><\/div><div class=\"bt_bb_separator bt_bb_border_style_none bt_bb_bottom_spacing_medium\" data-bt-override-class=\"null\"><\/div><\/div><\/div><\/div><\/div><\/div><\/div><!-- cell_inner --><\/div><!-- cell --><\/div><!-- port --><\/section><\/p>\n","protected":false},"excerpt":{"rendered":"","protected":false},"author":1,"featured_media":0,"parent":0,"menu_order":0,"comment_status":"closed","ping_status":"closed","template":"","meta":{"_monsterinsights_skip_tracking":false,"_monsterinsights_sitenote_active":false,"_monsterinsights_sitenote_note":"","_monsterinsights_sitenote_category":0,"footnotes":""},"class_list":["post-9781","page","type-page","status-publish","hentry"],"yoast_head":"<!-- This site is optimized with the Yoast SEO plugin v27.2 - https:\/\/yoast.com\/product\/yoast-seo-wordpress\/ -->\n<title>News - Veleu\u010dili\u0161te &quot;Marko Maruli\u0107&quot; u Kninu<\/title>\n<meta name=\"robots\" content=\"index, follow, max-snippet:-1, max-image-preview:large, max-video-preview:-1\" \/>\n<link rel=\"canonical\" href=\"https:\/\/www.veleknin.hr\/novosti\/\" \/>\n<meta property=\"og:locale\" content=\"en_US\" \/>\n<meta property=\"og:type\" content=\"article\" \/>\n<meta property=\"og:title\" content=\"News - Veleu\u010dili\u0161te &quot;Marko Maruli\u0107&quot; u Kninu\" \/>\n<meta property=\"og:url\" content=\"https:\/\/www.veleknin.hr\/novosti\/\" \/>\n<meta property=\"og:site_name\" content=\"Veleu\u010dili\u0161te &quot;Marko Maruli\u0107&quot; u Kninu\" \/>\n<meta property=\"article:modified_time\" content=\"2023-12-25T19:33:32+00:00\" \/>\n<meta name=\"twitter:card\" content=\"summary_large_image\" \/>\n<meta name=\"twitter:label1\" content=\"Est. reading time\" \/>\n\t<meta name=\"twitter:data1\" content=\"3 minutes\" \/>\n<!-- \/ Yoast SEO plugin. -->","yoast_head_json":{"title":"News - Veleu\u010dili\u0161te &quot;Marko Maruli\u0107&quot; u Kninu","robots":{"index":"index","follow":"follow","max-snippet":"max-snippet:-1","max-image-preview":"max-image-preview:large","max-video-preview":"max-video-preview:-1"},"canonical":"https:\/\/www.veleknin.hr\/novosti\/","og_locale":"en_US","og_type":"article","og_title":"News - Veleu\u010dili\u0161te &quot;Marko Maruli\u0107&quot; u Kninu","og_url":"https:\/\/www.veleknin.hr\/novosti\/","og_site_name":"Veleu\u010dili\u0161te &quot;Marko Maruli\u0107&quot; u Kninu","article_modified_time":"2023-12-25T19:33:32+00:00","twitter_card":"summary_large_image","twitter_misc":{"Est. reading time":"3 minutes"},"schema":{"@context":"https:\/\/schema.org","@graph":[{"@type":"WebPage","@id":"https:\/\/www.veleknin.hr\/novosti\/","url":"https:\/\/www.veleknin.hr\/novosti\/","name":"News - Veleu\u010dili\u0161te &quot;Marko Maruli\u0107&quot; u Kninu","isPartOf":{"@id":"https:\/\/www.veleknin.hr\/#website"},"datePublished":"2018-09-11T07:39:24+00:00","dateModified":"2023-12-25T19:33:32+00:00","breadcrumb":{"@id":"https:\/\/www.veleknin.hr\/novosti\/#breadcrumb"},"inLanguage":"en-US","potentialAction":[{"@type":"ReadAction","target":["https:\/\/www.veleknin.hr\/novosti\/"]}]},{"@type":"BreadcrumbList","@id":"https:\/\/www.veleknin.hr\/novosti\/#breadcrumb","itemListElement":[{"@type":"ListItem","position":1,"name":"Po\u010detna stranica","item":"https:\/\/www.veleknin.hr\/en\/"},{"@type":"ListItem","position":2,"name":"News"}]},{"@type":"WebSite","@id":"https:\/\/www.veleknin.hr\/#website","url":"https:\/\/www.veleknin.hr\/","name":"Veleu\u010dili\u0161te \"Marko Maruli\u0107\" u Kninu","description":"Web stranica Veleu\u010dili\u0161ta &quot;Marko Maruli\u0107&quot; u Kninu","publisher":{"@id":"https:\/\/www.veleknin.hr\/#organization"},"potentialAction":[{"@type":"SearchAction","target":{"@type":"EntryPoint","urlTemplate":"https:\/\/www.veleknin.hr\/?s={search_term_string}"},"query-input":{"@type":"PropertyValueSpecification","valueRequired":true,"valueName":"search_term_string"}}],"inLanguage":"en-US"},{"@type":"Organization","@id":"https:\/\/www.veleknin.hr\/#organization","name":"Veleu\u010dili\u0161te \"Marko Maruli\u0107\" u Kninu","url":"https:\/\/www.veleknin.hr\/","logo":{"@type":"ImageObject","inLanguage":"en-US","@id":"https:\/\/www.veleknin.hr\/#\/schema\/logo\/image\/","url":"https:\/\/www.veleknin.hr\/wp-content\/uploads\/2026\/02\/Veleknin.png","contentUrl":"https:\/\/www.veleknin.hr\/wp-content\/uploads\/2026\/02\/Veleknin.png","width":1080,"height":1080,"caption":"Veleu\u010dili\u0161te \"Marko Maruli\u0107\" u Kninu"},"image":{"@id":"https:\/\/www.veleknin.hr\/#\/schema\/logo\/image\/"}}]}},"_links":{"self":[{"href":"https:\/\/www.veleknin.hr\/en\/wp-json\/wp\/v2\/pages\/9781","targetHints":{"allow":["GET"]}}],"collection":[{"href":"https:\/\/www.veleknin.hr\/en\/wp-json\/wp\/v2\/pages"}],"about":[{"href":"https:\/\/www.veleknin.hr\/en\/wp-json\/wp\/v2\/types\/page"}],"author":[{"embeddable":true,"href":"https:\/\/www.veleknin.hr\/en\/wp-json\/wp\/v2\/users\/1"}],"replies":[{"embeddable":true,"href":"https:\/\/www.veleknin.hr\/en\/wp-json\/wp\/v2\/comments?post=9781"}],"version-history":[{"count":2,"href":"https:\/\/www.veleknin.hr\/en\/wp-json\/wp\/v2\/pages\/9781\/revisions"}],"predecessor-version":[{"id":9783,"href":"https:\/\/www.veleknin.hr\/en\/wp-json\/wp\/v2\/pages\/9781\/revisions\/9783"}],"wp:attachment":[{"href":"https:\/\/www.veleknin.hr\/en\/wp-json\/wp\/v2\/media?parent=9781"}],"curies":[{"name":"wp","href":"https:\/\/api.w.org\/{rel}","templated":true}]}}