{"id":10676,"date":"2019-10-21T08:43:35","date_gmt":"2019-10-21T06:43:35","guid":{"rendered":"https:\/\/new.veleknin.hr\/?page_id=10676"},"modified":"2024-01-31T16:12:34","modified_gmt":"2024-01-31T15:12:34","slug":"copy-erasmus-program","status":"publish","type":"page","link":"https:\/\/www.veleknin.hr\/en\/news-2\/copy-erasmus-program\/","title":{"rendered":"Vitrual walk"},"content":{"rendered":"<p><section data-bb-version=\"4.8.0\" id=\"bt_bb_section69db05c2184c3\" class=\"bt_bb_section bt_bb_layout_boxed_1200 bt_bb_vertical_align_top bt_bb_background_overlay_dark_solid bt_bb_top_spacing_large bt_bb_bottom_spacing_large\"  data-bt-override-class=\"{&quot;bt_bb_top_spacing_&quot;:{&quot;current_class&quot;:&quot;bt_bb_top_spacing_large&quot;,&quot;def&quot;:&quot;large&quot;},&quot;bt_bb_bottom_spacing_&quot;:{&quot;current_class&quot;:&quot;bt_bb_bottom_spacing_large&quot;,&quot;def&quot;:&quot;large&quot;}}\"><div class=\"bt_bb_background_image_holder_wrapper\"><div class=\"bt_bb_background_image_holder btLazyLoadBackground bt_bb_parallax\"  data-background_image_src=\"https:\/\/www.veleknin.hr\/wp-content\/uploads\/2024\/01\/virtaulna.jpg\" data-parallax=\"0.7\" data-parallax-offset=\"0\" data-parallax-zoom-start=\"1\" data-parallax-zoom-end=\"1\" data-parallax-blur-start=\"0\" data-parallax-blur-end=\"0\" data-parallax-opacity-start=\"1\" data-parallax-opacity-end=\"1\" style=\" background-image: url(&#039;https:\/\/www.veleknin.hr\/wp-content\/plugins\/bold-page-builder\/img\/blank.gif&#039;);\"><\/div><\/div><div class=\"bt_bb_port\"><div class=\"bt_bb_cell\"><div class=\"bt_bb_cell_inner\"><div class=\"bt_bb_row \"  data-bt-override-class=\"{}\"><div class=\"bt_bb_row_holder\" ><div  class=\"bt_bb_column col-xl-12 bt_bb_align_center bt_bb_padding_normal\"  data-width=\"12\" data-bt-override-class=\"{}\"><div class=\"bt_bb_column_content bt_bb_vertical_align_top bt_bb_color_scheme_\"><div class=\"bt_bb_column_content_inner\"><div data-bb-version=\"4.7.6\" class=\"bt_bb_separator bt_bb_border_style_none bt_bb_top_spacing_normal bt_bb_bottom_spacing_normal bt_bb_hidden_xs bt_bb_hidden_ms bt_bb_hidden_sm\" data-bt-override-class=\"{&quot;bt_bb_top_spacing_&quot;:{&quot;current_class&quot;:&quot;bt_bb_top_spacing_normal&quot;,&quot;def&quot;:&quot;normal&quot;},&quot;bt_bb_bottom_spacing_&quot;:{&quot;current_class&quot;:&quot;bt_bb_bottom_spacing_normal&quot;,&quot;def&quot;:&quot;normal&quot;}}\"><\/div><header data-bb-version=\"4.8.0\" class=\"bt_bb_headline bt_bb_subheadline_text_transform_default bt_bb_color_scheme_1 bt_bb_dash_none bt_bb_size_extralarge bt_bb_align_right\" style=\"; --primary-color:#ffffff; --secondary-color:#191919;\" data-bt-override-class=\"{&quot;bt_bb_size_&quot;:{&quot;current_class&quot;:&quot;bt_bb_size_extralarge&quot;,&quot;def&quot;:&quot;extralarge&quot;},&quot;bt_bb_align_&quot;:{&quot;current_class&quot;:&quot;bt_bb_align_right&quot;,&quot;def&quot;:&quot;right&quot;}}\"><h3 class=\"bt_bb_headline_tag\"><span class=\"bt_bb_headline_content\"><span>Virtual<br \/><br \/>\nwalk<\/span><\/span><\/h3><\/header><div class=\"bt_bb_separator bt_bb_border_style_none bt_bb_bottom_spacing_large bt_bb_hidden_xs bt_bb_hidden_ms bt_bb_hidden_sm\" data-bt-override-class=\"null\"><\/div><\/div><\/div><\/div><\/div><\/div><\/div><!-- cell_inner --><\/div><!-- cell --><\/div><!-- port --><\/section><section data-bb-version=\"4.7.6\" id=\"bt_bb_section69db05c21892b\" class=\"bt_bb_section bt_bb_layout_wide bt_bb_vertical_align_top bt_bb_top_spacing_none bt_bb_bottom_spacing_none bt_bb_negative_margin_large\"  data-bt-override-class=\"{&quot;bt_bb_top_spacing_&quot;:{&quot;current_class&quot;:&quot;bt_bb_top_spacing_none&quot;,&quot;def&quot;:&quot;none&quot;},&quot;bt_bb_bottom_spacing_&quot;:{&quot;current_class&quot;:&quot;bt_bb_bottom_spacing_none&quot;,&quot;def&quot;:&quot;none&quot;}}\"><div class=\"bt_bb_port\"><div class=\"bt_bb_cell\"><div class=\"bt_bb_cell_inner\"><div data-bb-version=\"4.8.0\" class=\"bt_bb_row \"  data-bt-override-class=\"{}\"><div class=\"bt_bb_row_holder\" ><div data-bb-version=\"4.8.0\"  class=\"bt_bb_column col-xl-12 col-xs-12 col-sm-12 col-md-12 col-lg-12 bt_bb_align_left bt_bb_padding_normal\"  data-width=\"12\" data-bt-override-class=\"{}\"><div class=\"bt_bb_column_content bt_bb_vertical_align_top bt_bb_color_scheme_\"><div class=\"bt_bb_column_content_inner\"><div data-bb-version=\"4.8.0\"  class=\"bt_bb_text\" ><\/p>\n<p><iframe loading=\"lazy\" src=\"https:\/\/tourmkr.com\/F13Tg9vQn9\" width=\"100%\" height=\"863\" frameborder=\"0\"><\/iframe><\/p>\n<p>\n<\/div><\/div><\/div><\/div><\/div><\/div><\/div><!-- cell_inner --><\/div><!-- cell --><\/div><!-- port --><\/section><\/p>\n","protected":false},"excerpt":{"rendered":"","protected":false},"author":1,"featured_media":0,"parent":9781,"menu_order":0,"comment_status":"closed","ping_status":"closed","template":"","meta":{"_monsterinsights_skip_tracking":false,"_monsterinsights_sitenote_active":false,"_monsterinsights_sitenote_note":"","_monsterinsights_sitenote_category":0,"footnotes":""},"class_list":["post-10676","page","type-page","status-publish","hentry"],"yoast_head":"<!-- This site is optimized with the Yoast SEO plugin v27.3 - https:\/\/yoast.com\/product\/yoast-seo-wordpress\/ -->\n<title>Vitrual walk - Veleu\u010dili\u0161te &quot;Marko Maruli\u0107&quot; u Kninu<\/title>\n<meta name=\"robots\" content=\"index, follow, max-snippet:-1, max-image-preview:large, max-video-preview:-1\" \/>\n<link rel=\"canonical\" href=\"https:\/\/www.veleknin.hr\/novosti\/virtualna\/\" \/>\n<meta property=\"og:locale\" content=\"en_US\" \/>\n<meta property=\"og:type\" content=\"article\" \/>\n<meta property=\"og:title\" content=\"Vitrual walk - Veleu\u010dili\u0161te &quot;Marko Maruli\u0107&quot; u Kninu\" \/>\n<meta property=\"og:url\" content=\"https:\/\/www.veleknin.hr\/novosti\/virtualna\/\" \/>\n<meta property=\"og:site_name\" content=\"Veleu\u010dili\u0161te &quot;Marko Maruli\u0107&quot; u Kninu\" \/>\n<meta property=\"article:modified_time\" content=\"2024-01-31T15:12:34+00:00\" \/>\n<meta name=\"twitter:card\" content=\"summary_large_image\" \/>\n<meta name=\"twitter:label1\" content=\"Est. reading time\" \/>\n\t<meta name=\"twitter:data1\" content=\"2 minutes\" \/>\n<!-- \/ Yoast SEO plugin. -->","yoast_head_json":{"title":"Vitrual walk - Veleu\u010dili\u0161te &quot;Marko Maruli\u0107&quot; u Kninu","robots":{"index":"index","follow":"follow","max-snippet":"max-snippet:-1","max-image-preview":"max-image-preview:large","max-video-preview":"max-video-preview:-1"},"canonical":"https:\/\/www.veleknin.hr\/novosti\/virtualna\/","og_locale":"en_US","og_type":"article","og_title":"Vitrual walk - Veleu\u010dili\u0161te &quot;Marko Maruli\u0107&quot; u Kninu","og_url":"https:\/\/www.veleknin.hr\/novosti\/virtualna\/","og_site_name":"Veleu\u010dili\u0161te &quot;Marko Maruli\u0107&quot; u Kninu","article_modified_time":"2024-01-31T15:12:34+00:00","twitter_card":"summary_large_image","twitter_misc":{"Est. reading time":"2 minutes"},"schema":{"@context":"https:\/\/schema.org","@graph":[{"@type":"WebPage","@id":"https:\/\/www.veleknin.hr\/novosti\/virtualna\/","url":"https:\/\/www.veleknin.hr\/novosti\/virtualna\/","name":"Vitrual walk - Veleu\u010dili\u0161te &quot;Marko Maruli\u0107&quot; u Kninu","isPartOf":{"@id":"https:\/\/www.veleknin.hr\/#website"},"datePublished":"2019-10-21T06:43:35+00:00","dateModified":"2024-01-31T15:12:34+00:00","breadcrumb":{"@id":"https:\/\/www.veleknin.hr\/novosti\/virtualna\/#breadcrumb"},"inLanguage":"en-US","potentialAction":[{"@type":"ReadAction","target":["https:\/\/www.veleknin.hr\/novosti\/virtualna\/"]}]},{"@type":"BreadcrumbList","@id":"https:\/\/www.veleknin.hr\/novosti\/virtualna\/#breadcrumb","itemListElement":[{"@type":"ListItem","position":1,"name":"Po\u010detna stranica","item":"https:\/\/www.veleknin.hr\/en\/"},{"@type":"ListItem","position":2,"name":"News","item":"https:\/\/www.veleknin.hr\/novosti\/"},{"@type":"ListItem","position":3,"name":"Vitrual walk"}]},{"@type":"WebSite","@id":"https:\/\/www.veleknin.hr\/#website","url":"https:\/\/www.veleknin.hr\/","name":"Veleu\u010dili\u0161te \"Marko Maruli\u0107\" u Kninu","description":"Web stranica Veleu\u010dili\u0161ta &quot;Marko Maruli\u0107&quot; u Kninu","publisher":{"@id":"https:\/\/www.veleknin.hr\/#organization"},"potentialAction":[{"@type":"SearchAction","target":{"@type":"EntryPoint","urlTemplate":"https:\/\/www.veleknin.hr\/?s={search_term_string}"},"query-input":{"@type":"PropertyValueSpecification","valueRequired":true,"valueName":"search_term_string"}}],"inLanguage":"en-US"},{"@type":"Organization","@id":"https:\/\/www.veleknin.hr\/#organization","name":"Veleu\u010dili\u0161te \"Marko Maruli\u0107\" u Kninu","url":"https:\/\/www.veleknin.hr\/","logo":{"@type":"ImageObject","inLanguage":"en-US","@id":"https:\/\/www.veleknin.hr\/#\/schema\/logo\/image\/","url":"https:\/\/www.veleknin.hr\/wp-content\/uploads\/2026\/02\/Veleknin.png","contentUrl":"https:\/\/www.veleknin.hr\/wp-content\/uploads\/2026\/02\/Veleknin.png","width":1080,"height":1080,"caption":"Veleu\u010dili\u0161te \"Marko Maruli\u0107\" u Kninu"},"image":{"@id":"https:\/\/www.veleknin.hr\/#\/schema\/logo\/image\/"}}]}},"_links":{"self":[{"href":"https:\/\/www.veleknin.hr\/en\/wp-json\/wp\/v2\/pages\/10676","targetHints":{"allow":["GET"]}}],"collection":[{"href":"https:\/\/www.veleknin.hr\/en\/wp-json\/wp\/v2\/pages"}],"about":[{"href":"https:\/\/www.veleknin.hr\/en\/wp-json\/wp\/v2\/types\/page"}],"author":[{"embeddable":true,"href":"https:\/\/www.veleknin.hr\/en\/wp-json\/wp\/v2\/users\/1"}],"replies":[{"embeddable":true,"href":"https:\/\/www.veleknin.hr\/en\/wp-json\/wp\/v2\/comments?post=10676"}],"version-history":[{"count":9,"href":"https:\/\/www.veleknin.hr\/en\/wp-json\/wp\/v2\/pages\/10676\/revisions"}],"predecessor-version":[{"id":10695,"href":"https:\/\/www.veleknin.hr\/en\/wp-json\/wp\/v2\/pages\/10676\/revisions\/10695"}],"up":[{"embeddable":true,"href":"https:\/\/www.veleknin.hr\/en\/wp-json\/wp\/v2\/pages\/9781"}],"wp:attachment":[{"href":"https:\/\/www.veleknin.hr\/en\/wp-json\/wp\/v2\/media?parent=10676"}],"curies":[{"name":"wp","href":"https:\/\/api.w.org\/{rel}","templated":true}]}}